{"id":98,"date":"2026-02-06T13:01:10","date_gmt":"2026-02-06T13:01:10","guid":{"rendered":"https:\/\/savonlaitevuokraamo.fi\/?page_id=98"},"modified":"2026-04-01T15:04:25","modified_gmt":"2026-04-01T13:04:25","slug":"laitteet-erilaisiin-kodin-tarpeisiin","status":"publish","type":"page","link":"https:\/\/savonlaitevuokraamo.fi\/?page_id=98","title":{"rendered":"Laitteet ja koneet"},"content":{"rendered":"\n<figure class=\"wp-block-image size-large is-resized\"><img loading=\"lazy\" decoding=\"async\" width=\"1024\" height=\"497\" src=\"https:\/\/savonlaitevuokraamo.fi\/wp-content\/uploads\/2026\/02\/kiinteistonhoito-painike-1-1024x497.png\" alt=\"\" class=\"wp-image-116\" style=\"aspect-ratio:2.060401655679902;width:334px;height:auto\" srcset=\"https:\/\/savonlaitevuokraamo.fi\/wp-content\/uploads\/2026\/02\/kiinteistonhoito-painike-1-1024x497.png 1024w, https:\/\/savonlaitevuokraamo.fi\/wp-content\/uploads\/2026\/02\/kiinteistonhoito-painike-1-300x146.png 300w, https:\/\/savonlaitevuokraamo.fi\/wp-content\/uploads\/2026\/02\/kiinteistonhoito-painike-1-768x373.png 768w, https:\/\/savonlaitevuokraamo.fi\/wp-content\/uploads\/2026\/02\/kiinteistonhoito-painike-1.png 1447w\" sizes=\"auto, (max-width: 1024px) 100vw, 1024px\" \/><\/figure>\n\n\n\n<div class=\"wp-block-columns is-layout-flex wp-container-core-columns-is-layout-9d6595d7 wp-block-columns-is-layout-flex\">\n<div class=\"wp-block-column is-layout-flow wp-block-column-is-layout-flow\"><\/div>\n\n\n\n<div class=\"wp-block-column is-layout-flow wp-block-column-is-layout-flow\"><\/div>\n<\/div>\n\n\n\n<hr class=\"wp-block-separator has-alpha-channel-opacity\"\/>\n\n\n\n<figure class=\"wp-block-image size-full is-resized\"><img loading=\"lazy\" decoding=\"async\" width=\"1024\" height=\"1707\" src=\"http:\/\/savonlaitevuokraamo.fi\/wp-content\/uploads\/2026\/03\/einhell-oksasilppuri.png\" alt=\"\" class=\"wp-image-209\" style=\"width:193px;height:auto\" srcset=\"https:\/\/savonlaitevuokraamo.fi\/wp-content\/uploads\/2026\/03\/einhell-oksasilppuri.png 1024w, https:\/\/savonlaitevuokraamo.fi\/wp-content\/uploads\/2026\/03\/einhell-oksasilppuri-180x300.png 180w, https:\/\/savonlaitevuokraamo.fi\/wp-content\/uploads\/2026\/03\/einhell-oksasilppuri-614x1024.png 614w, https:\/\/savonlaitevuokraamo.fi\/wp-content\/uploads\/2026\/03\/einhell-oksasilppuri-768x1280.png 768w, https:\/\/savonlaitevuokraamo.fi\/wp-content\/uploads\/2026\/03\/einhell-oksasilppuri-921x1536.png 921w\" sizes=\"auto, (max-width: 1024px) 100vw, 1024px\" \/><figcaption class=\"wp-element-caption\"><br><strong>Einhell murskaava oksasilppuri GC-RS 2540<\/strong><br><strong><br><\/strong>Murskaava s\u00e4hk\u00f6k\u00e4ytt\u00f6inen 2500 W Einhell-puutarhasilppuri GC-RS 2540 on tehokas ja luotettava laite, jolla silppuat puiden ja pensaiden oksat ja perennoiden varret nopeasti ja meluttomasti. Silputtavien oksien maksimivahvuus 40 mm. Hiljainen, mutta tehokas.<br><br><br><strong>Tuotteen mitat:<br><\/strong>Korkeus (mm): 890<br>Leveys (mm): 400<br>Syvyys (mm): 600<br>Tuotteen paino (kg): 24,85<br><br><strong>Ominaisuudet:<\/strong><br>&#8211; Murskaava ter\u00e4<br>&#8211; Suuri t\u00e4ytt\u00f6aukko<br>&#8211; Peruutuskytkin<br>&#8211; Kest\u00e4v\u00e4 py\u00f6rill\u00e4 varustettu alusta<br>&#8211; K\u00e4yt\u00e4nn\u00f6llinen kuljetuskahva<br>&#8211; Keruupussi<br><br><strong>Tekniset tiedot:<\/strong><br>Telan kierrokset: 40 kierrosta\/min<br>\u00c4\u00e4nen tehotaso: 93 dB (A)<br>Oksien maksimivahvuus: \u00d8 40 mm<br>Tuotteen tekniset tiedot:<br>J\u00e4nnite (V): 230<br>Teho (W): 2 500<\/figcaption><\/figure>\n\n\n\n<p><strong><em>Hinnat:<\/em><\/strong><\/p>\n\n\n\n<div style=\"height:10px\" aria-hidden=\"true\" class=\"wp-block-spacer\"><\/div>\n\n\n\n<ul class=\"wp-block-list\">\n<li>1 vuorokausi 25\u20ac<\/li>\n\n\n\n<li>2 vuorokautta 40\u20ac<\/li>\n\n\n\n<li>Viikko 55\u20ac<\/li>\n<\/ul>\n\n\n\n<div class=\"wp-block-columns is-layout-flex wp-container-core-columns-is-layout-9d6595d7 wp-block-columns-is-layout-flex\">\n<div class=\"wp-block-column is-layout-flow wp-block-column-is-layout-flow\"><\/div>\n\n\n\n<div class=\"wp-block-column is-layout-flow wp-block-column-is-layout-flow\"><\/div>\n<\/div>\n\n\n\n<div class=\"wp-block-buttons is-layout-flex wp-block-buttons-is-layout-flex\">\n<div class=\"wp-block-button is-style-fill\"><a class=\"wp-block-button__link wp-element-button\" href=\"https:\/\/savonlaitevuokraamo.fi\/?page_id=82\">Vuokraa oksasilppuri t\u00e4st\u00e4<\/a><\/div>\n<\/div>\n\n\n\n<div class=\"wp-block-columns is-layout-flex wp-container-core-columns-is-layout-9d6595d7 wp-block-columns-is-layout-flex\">\n<div class=\"wp-block-column is-layout-flow wp-block-column-is-layout-flow\"><\/div>\n\n\n\n<div class=\"wp-block-column is-layout-flow wp-block-column-is-layout-flow\"><\/div>\n<\/div>\n\n\n\n<hr class=\"wp-block-separator has-alpha-channel-opacity\"\/>\n\n\n\n<figure class=\"wp-block-image size-full is-resized\"><img loading=\"lazy\" decoding=\"async\" width=\"732\" height=\"732\" src=\"http:\/\/savonlaitevuokraamo.fi\/wp-content\/uploads\/2026\/02\/WhatsApp-Image-2026-02-04-at-17.13.34.jpeg\" alt=\"\" class=\"wp-image-26\" style=\"width:193px;height:auto\" srcset=\"https:\/\/savonlaitevuokraamo.fi\/wp-content\/uploads\/2026\/02\/WhatsApp-Image-2026-02-04-at-17.13.34.jpeg 732w, https:\/\/savonlaitevuokraamo.fi\/wp-content\/uploads\/2026\/02\/WhatsApp-Image-2026-02-04-at-17.13.34-300x300.jpeg 300w, https:\/\/savonlaitevuokraamo.fi\/wp-content\/uploads\/2026\/02\/WhatsApp-Image-2026-02-04-at-17.13.34-150x150.jpeg 150w\" sizes=\"auto, (max-width: 732px) 100vw, 732px\" \/><figcaption class=\"wp-element-caption\"><br><strong>Lumenpudotin HD 7,2m Tuisku<\/strong><br>Tehokas ja helppok\u00e4ytt\u00f6inen lumenpudotin alumiinisella jatkovarrella. Varressa my\u00f6s lumenhalkoja. Ei naarmuta kattoa, kiinnitysruuvit upotettu.<br>Alumiininen jatkovarsi, maks. 7,2m<br>Pudotuskangas PVC, koko 450x42cm<\/figcaption><\/figure>\n\n\n\n<p><strong><em>Hinnat:<\/em><\/strong><\/p>\n\n\n\n<div style=\"height:10px\" aria-hidden=\"true\" class=\"wp-block-spacer\"><\/div>\n\n\n\n<ul class=\"wp-block-list\">\n<li>1 vuorokausi 15\u20ac<\/li>\n\n\n\n<li>2 vuorokautta 25\u20ac<\/li>\n\n\n\n<li>3 vuorokautta 30\u20ac<\/li>\n\n\n\n<li>Viikko 45\u20ac<\/li>\n<\/ul>\n\n\n\n<div class=\"wp-block-columns is-layout-flex wp-container-core-columns-is-layout-9d6595d7 wp-block-columns-is-layout-flex\">\n<div class=\"wp-block-column is-layout-flow wp-block-column-is-layout-flow\"><\/div>\n\n\n\n<div class=\"wp-block-column is-layout-flow wp-block-column-is-layout-flow\"><\/div>\n<\/div>\n\n\n\n<div class=\"wp-block-buttons is-layout-flex wp-block-buttons-is-layout-flex\">\n<div class=\"wp-block-button is-style-fill\"><a class=\"wp-block-button__link wp-element-button\" href=\"https:\/\/savonlaitevuokraamo.fi\/?page_id=82\">Vuokraa lumenpudotin t\u00e4st\u00e4<\/a><\/div>\n<\/div>\n\n\n\n<div class=\"wp-block-columns is-layout-flex wp-container-core-columns-is-layout-9d6595d7 wp-block-columns-is-layout-flex\">\n<div class=\"wp-block-column is-layout-flow wp-block-column-is-layout-flow\"><\/div>\n\n\n\n<div class=\"wp-block-column is-layout-flow wp-block-column-is-layout-flow\"><\/div>\n<\/div>\n\n\n\n<hr class=\"wp-block-separator has-alpha-channel-opacity\"\/>\n\n\n\n<figure class=\"wp-block-image size-large is-resized\"><img loading=\"lazy\" decoding=\"async\" width=\"1024\" height=\"499\" src=\"https:\/\/savonlaitevuokraamo.fi\/wp-content\/uploads\/2026\/02\/siivous-painike-1024x499.png\" alt=\"\" class=\"wp-image-120\" style=\"aspect-ratio:2.050812542915999;width:336px;height:auto\" srcset=\"https:\/\/savonlaitevuokraamo.fi\/wp-content\/uploads\/2026\/02\/siivous-painike-1024x499.png 1024w, https:\/\/savonlaitevuokraamo.fi\/wp-content\/uploads\/2026\/02\/siivous-painike-300x146.png 300w, https:\/\/savonlaitevuokraamo.fi\/wp-content\/uploads\/2026\/02\/siivous-painike-768x375.png 768w, https:\/\/savonlaitevuokraamo.fi\/wp-content\/uploads\/2026\/02\/siivous-painike.png 1415w\" sizes=\"auto, (max-width: 1024px) 100vw, 1024px\" \/><\/figure>\n\n\n\n<hr class=\"wp-block-separator has-alpha-channel-opacity\"\/>\n\n\n\n<figure class=\"wp-block-image size-full is-resized\"><img loading=\"lazy\" decoding=\"async\" width=\"1200\" height=\"1600\" src=\"https:\/\/savonlaitevuokraamo.fi\/wp-content\/uploads\/2026\/02\/tekstiiilipesuri.jpeg\" alt=\"\" class=\"wp-image-122\" style=\"aspect-ratio:0.7500094507239254;width:264px;height:auto\" srcset=\"https:\/\/savonlaitevuokraamo.fi\/wp-content\/uploads\/2026\/02\/tekstiiilipesuri.jpeg 1200w, https:\/\/savonlaitevuokraamo.fi\/wp-content\/uploads\/2026\/02\/tekstiiilipesuri-225x300.jpeg 225w, https:\/\/savonlaitevuokraamo.fi\/wp-content\/uploads\/2026\/02\/tekstiiilipesuri-768x1024.jpeg 768w, https:\/\/savonlaitevuokraamo.fi\/wp-content\/uploads\/2026\/02\/tekstiiilipesuri-1152x1536.jpeg 1152w\" sizes=\"auto, (max-width: 1200px) 100vw, 1200px\" \/><figcaption class=\"wp-element-caption\"><br><strong>K\u00e4rcher SE5 Car tekstiilipesuri<br><\/strong><br>Syv\u00e4puhdistus yhdistettyn\u00e4 ergonomiseen muotoiluun ja monik\u00e4ytt\u00f6isyyteen: SE 5 -tekstiilipesurilla varmistetaan hygieeninen puhdistus monilla tekstiilipinnoilla, kuten verhoilut ja pehmustetut huonekalut, matot, patjat ja auton istuimet. K\u00e4rcherin testattu painehuuhteluteknologia tarjoaa parhaat puhdistustulokset: puhdasta vett\u00e4 ja K\u00e4rcher-tekstiilipesuainetta ruiskutetaan paineen avulla syv\u00e4lle tekstiilikuituihin ja imet\u00e4\u00e4n sitten yhdess\u00e4 irronneen lian kanssa laitteen s\u00e4ili\u00f6\u00f6n. <br><br>Pesuri on ihanteellinen perheille, allergikoille ja lemmikkiel\u00e4intalouksille. Laite on monik\u00e4ytt\u00f6inen 3-in-1-tuote toimiessaan my\u00f6s m\u00e4rk\u00e4- ja kuivaimurina. Muita laitteen ominaisuuksia: kaksis\u00e4ili\u00f6j\u00e4rjestelm\u00e4, jossa on irrotettavat puhdas- ja likavesis\u00e4ili\u00f6t, ergonominen kantokahva helppoa kuljetusta varten ja k\u00e4tev\u00e4 lis\u00e4varastos\u00e4ilytys laitteessa.<\/figcaption><\/figure>\n\n\n\n<p><strong><em>Hinnat:<\/em><\/strong><\/p>\n\n\n\n<div style=\"height:10px\" aria-hidden=\"true\" class=\"wp-block-spacer\"><\/div>\n\n\n\n<ul class=\"wp-block-list\">\n<li>1 vuorokausi 25\u20ac<\/li>\n\n\n\n<li>2 vuorokautta 40\u20ac<\/li>\n\n\n\n<li>3 vuorokautta 50\u20ac<\/li>\n<\/ul>\n\n\n\n<div class=\"wp-block-columns is-layout-flex wp-container-core-columns-is-layout-9d6595d7 wp-block-columns-is-layout-flex\">\n<div class=\"wp-block-column is-layout-flow wp-block-column-is-layout-flow\"><\/div>\n\n\n\n<div class=\"wp-block-column is-layout-flow wp-block-column-is-layout-flow\"><\/div>\n<\/div>\n\n\n\n<div class=\"wp-block-buttons is-layout-flex wp-block-buttons-is-layout-flex\">\n<div class=\"wp-block-button is-style-fill\"><a class=\"wp-block-button__link wp-element-button\" href=\"https:\/\/savonlaitevuokraamo.fi\/?page_id=82\">Vuokraa tekstiilipesuri t\u00e4st\u00e4<\/a><\/div>\n<\/div>\n\n\n\n<hr class=\"wp-block-separator has-alpha-channel-opacity\"\/>\n\n\n\n<figure class=\"wp-block-image size-full is-resized\"><img loading=\"lazy\" decoding=\"async\" width=\"1200\" height=\"1600\" src=\"http:\/\/savonlaitevuokraamo.fi\/wp-content\/uploads\/2026\/02\/WhatsApp-Image-202.jpeg\" alt=\"\" class=\"wp-image-148\" style=\"aspect-ratio:0.7500094507239254;width:264px;height:auto\" srcset=\"https:\/\/savonlaitevuokraamo.fi\/wp-content\/uploads\/2026\/02\/WhatsApp-Image-202.jpeg 1200w, https:\/\/savonlaitevuokraamo.fi\/wp-content\/uploads\/2026\/02\/WhatsApp-Image-202-225x300.jpeg 225w, https:\/\/savonlaitevuokraamo.fi\/wp-content\/uploads\/2026\/02\/WhatsApp-Image-202-768x1024.jpeg 768w, https:\/\/savonlaitevuokraamo.fi\/wp-content\/uploads\/2026\/02\/WhatsApp-Image-202-1152x1536.jpeg 1152w\" sizes=\"auto, (max-width: 1200px) 100vw, 1200px\" \/><figcaption class=\"wp-element-caption\"><br><strong>K\u00e4rcher SC4 Easy Fix h\u00f6yrypesuri<br><\/strong><br>Monipuoliset tarvikkeet tekev\u00e4t laattojen, liesien, lavuaarien ja liesituulettimien ja jopa pienimpienkin rakojen puhdistamisesta helppoa poistaen jopa sitkeimm\u00e4n lian. Irrotettava vesis\u00e4ili\u00f6 mahdollistaa keskeytyksett\u00f6m\u00e4n siivouksen. SC 4&nbsp;EasyFix&nbsp;puhdistaa ilman kemikaaleja ja sit\u00e4 voidaan k\u00e4ytt\u00e4\u00e4 k\u00e4yt\u00e4nn\u00f6ss\u00e4 miss\u00e4 tahansa kodin tilassa. Perusteellinen puhdistus K\u00e4rcher-h\u00f6yrypesurilla poistaa yleisimpi\u00e4 kotitalouksien bakteereita ja viruksia kovilta pinnoilta, kuten kylpytiloista ja keitti\u00f6n pinnoilta.<\/figcaption><\/figure>\n\n\n\n<p><strong><em>Hinnat:<\/em><\/strong><\/p>\n\n\n\n<div style=\"height:10px\" aria-hidden=\"true\" class=\"wp-block-spacer\"><\/div>\n\n\n\n<ul class=\"wp-block-list\">\n<li>1 vuorokausi 20\u20ac<\/li>\n\n\n\n<li>2 vuorokautta 35\u20ac<\/li>\n\n\n\n<li>3 vuorokautta 45\u20ac<\/li>\n<\/ul>\n\n\n\n<div class=\"wp-block-columns is-layout-flex wp-container-core-columns-is-layout-9d6595d7 wp-block-columns-is-layout-flex\">\n<div class=\"wp-block-column is-layout-flow wp-block-column-is-layout-flow\"><\/div>\n\n\n\n<div class=\"wp-block-column is-layout-flow wp-block-column-is-layout-flow\"><\/div>\n<\/div>\n\n\n\n<div class=\"wp-block-buttons is-layout-flex wp-block-buttons-is-layout-flex\">\n<div class=\"wp-block-button is-style-fill\"><a class=\"wp-block-button__link wp-element-button\" href=\"https:\/\/savonlaitevuokraamo.fi\/?page_id=82\">Vuokraa h\u00f6yrypesuri t\u00e4st\u00e4<\/a><\/div>\n<\/div>\n\n\n\n<hr class=\"wp-block-separator has-alpha-channel-opacity\"\/>\n\n\n\n<figure class=\"wp-block-image size-full is-resized\"><img loading=\"lazy\" decoding=\"async\" width=\"1200\" height=\"1600\" src=\"http:\/\/savonlaitevuokraamo.fi\/wp-content\/uploads\/2026\/02\/ikkunanpesin.jpeg\" alt=\"\" class=\"wp-image-171\" style=\"aspect-ratio:0.7500094507239254;width:264px;height:auto\" srcset=\"https:\/\/savonlaitevuokraamo.fi\/wp-content\/uploads\/2026\/02\/ikkunanpesin.jpeg 1200w, https:\/\/savonlaitevuokraamo.fi\/wp-content\/uploads\/2026\/02\/ikkunanpesin-225x300.jpeg 225w, https:\/\/savonlaitevuokraamo.fi\/wp-content\/uploads\/2026\/02\/ikkunanpesin-768x1024.jpeg 768w, https:\/\/savonlaitevuokraamo.fi\/wp-content\/uploads\/2026\/02\/ikkunanpesin-1152x1536.jpeg 1152w\" sizes=\"auto, (max-width: 1200px) 100vw, 1200px\" \/><figcaption class=\"wp-element-caption\"><br><strong>K\u00e4rcher WV6 Plus ikkunapesuri<br><\/strong><br>Ikkunapesurin eritt\u00e4in pitk\u00e4 100 minuutin akun kesto takaa, ett\u00e4 ehdit pest\u00e4 todella paljon ikkunapintaa. Voit suunnitella siivouksesi tarkasti n\u00e4yt\u00f6n avulla, joka n\u00e4ytt\u00e4\u00e4 j\u00e4ljell\u00e4 olevat k\u00e4ytt\u00f6minuutit. Kuten aina, \u00e4lyk\u00e4s suihkepullon ja mikrokuituliinan yhdistelm\u00e4 yhdess\u00e4 ikkunapesurin imutoiminnon kanssa takaavat eritt\u00e4in tehokkaan puhdistuksen ja kiilt\u00e4v\u00e4n puhtaat ikkunat &#8211; ilman j\u00e4lki\u00e4 tai j\u00e4\u00e4mi\u00e4. K\u00e4rcherin ergonominen WV 6 Plus -ikkunapesuri mahdollistaa my\u00f6s ikkunoiden puhdistamisen erityisen hygieenisell\u00e4 tavalla, koska et joudu suoraan kosketuksiin likaisen veden kanssa-<\/figcaption><\/figure>\n\n\n\n<p><strong><em>Hinnat:<\/em><\/strong><\/p>\n\n\n\n<div style=\"height:10px\" aria-hidden=\"true\" class=\"wp-block-spacer\"><\/div>\n\n\n\n<ul class=\"wp-block-list\">\n<li>1 vuorokausi 15\u20ac<\/li>\n\n\n\n<li>2 vuorokautta 25\u20ac<\/li>\n\n\n\n<li>3 vuorokautta 35\u20ac<\/li>\n<\/ul>\n\n\n\n<div class=\"wp-block-columns is-layout-flex wp-container-core-columns-is-layout-9d6595d7 wp-block-columns-is-layout-flex\">\n<div class=\"wp-block-column is-layout-flow wp-block-column-is-layout-flow\"><\/div>\n\n\n\n<div class=\"wp-block-column is-layout-flow wp-block-column-is-layout-flow\"><\/div>\n<\/div>\n\n\n\n<div class=\"wp-block-buttons is-layout-flex wp-block-buttons-is-layout-flex\">\n<div class=\"wp-block-button is-style-fill\"><a class=\"wp-block-button__link wp-element-button\" href=\"https:\/\/savonlaitevuokraamo.fi\/?page_id=82\">Vuokraa ikkunapesuri t\u00e4st\u00e4<\/a><\/div>\n<\/div>\n\n\n\n<hr class=\"wp-block-separator has-alpha-channel-opacity\"\/>\n\n\n\n<figure class=\"wp-block-image size-full is-resized\"><img loading=\"lazy\" decoding=\"async\" width=\"1920\" height=\"1920\" src=\"http:\/\/savonlaitevuokraamo.fi\/wp-content\/uploads\/2026\/02\/0186d9e4-c251-790e-bfa3-793fea6150c7.avif\" alt=\"\" class=\"wp-image-173\" style=\"aspect-ratio:0.7500094507239254;width:264px;height:auto\" srcset=\"https:\/\/savonlaitevuokraamo.fi\/wp-content\/uploads\/2026\/02\/0186d9e4-c251-790e-bfa3-793fea6150c7.avif 1920w, https:\/\/savonlaitevuokraamo.fi\/wp-content\/uploads\/2026\/02\/0186d9e4-c251-790e-bfa3-793fea6150c7-300x300.avif 300w, https:\/\/savonlaitevuokraamo.fi\/wp-content\/uploads\/2026\/02\/0186d9e4-c251-790e-bfa3-793fea6150c7-1024x1024.avif 1024w, https:\/\/savonlaitevuokraamo.fi\/wp-content\/uploads\/2026\/02\/0186d9e4-c251-790e-bfa3-793fea6150c7-150x150.avif 150w, https:\/\/savonlaitevuokraamo.fi\/wp-content\/uploads\/2026\/02\/0186d9e4-c251-790e-bfa3-793fea6150c7-768x768.avif 768w, https:\/\/savonlaitevuokraamo.fi\/wp-content\/uploads\/2026\/02\/0186d9e4-c251-790e-bfa3-793fea6150c7-1536x1536.avif 1536w\" sizes=\"auto, (max-width: 1920px) 100vw, 1920px\" \/><figcaption class=\"wp-element-caption\"><br><strong>Yona HF458i otsonaattori\/ionisaattori | Teho: 20.000mg\/tunti<br><\/strong><br>Otsonointi ja ilman negatiivinen ionisointi toimii ylipaineisessa rakennuksessa erityisen tehokkaasti. Otsoni ja Ilman negatiivinen ionisointi yhdess\u00e4 synnytt\u00e4\u00e4 yhdisteit\u00e4 joilla voidaan poistaa tehokkaasti mikrobi-iti\u00f6t ja erilaiset hajut, esimerkiksi viem\u00e4rikaasut, savun hajut, bakteeri , pinttyneet ruuan valmistuksesta ja tupakoinnista syntyneet hajut. Otsonointi&nbsp;+&nbsp;&nbsp;ionisointi on teholtaan pelkk\u00e4\u00e4n otsonointiin verrattuna 5-10 kertaa tehokkaampi.<\/figcaption><\/figure>\n\n\n\n<div class=\"wp-block-columns is-layout-flex wp-container-core-columns-is-layout-9d6595d7 wp-block-columns-is-layout-flex\">\n<div class=\"wp-block-column is-layout-flow wp-block-column-is-layout-flow\"><\/div>\n\n\n\n<div class=\"wp-block-column is-layout-flow wp-block-column-is-layout-flow\"><\/div>\n<\/div>\n\n\n\n<p><strong><mark style=\"background-color:rgba(0, 0, 0, 0)\" class=\"has-inline-color has-vivid-red-color\">HUOM! HUOM! HUOM! HUOM! HUOM! HUOM! HUOM! HUOM! HUOM! HUOM! HUOM! HUOM! <\/mark><\/strong><\/p>\n\n\n\n<div class=\"wp-block-columns is-layout-flex wp-container-core-columns-is-layout-9d6595d7 wp-block-columns-is-layout-flex\">\n<div class=\"wp-block-column is-layout-flow wp-block-column-is-layout-flow\"><\/div>\n\n\n\n<div class=\"wp-block-column is-layout-flow wp-block-column-is-layout-flow\"><\/div>\n<\/div>\n\n\n\n<p><strong>Sis\u00e4ilman otsonointia ei voi suorittaa jos ihmisi\u00e4 ja el\u00e4imi\u00e4 on paikalla<\/strong>, koska otsonia tuotetaan tilaan aina massiivisesti mikrobi-iti\u00f6iden tuhoamiseksi. Suurella otsonipitoisuudella ja ilman negatiivisen ionisoinnin yhteisvaikutuksella saavutetaan hyv\u00e4 puhdistustulos my\u00f6s huokoisiin materiaaleihin. Sis\u00e4ilman puhdistuksen j\u00e4lkeen otsonoitu tila tuuletetaan, jonka j\u00e4lkeen asukkaat voivat palata takaisin asuntoon.<\/p>\n\n\n\n<div class=\"wp-block-columns is-layout-flex wp-container-core-columns-is-layout-9d6595d7 wp-block-columns-is-layout-flex\">\n<div class=\"wp-block-column is-layout-flow wp-block-column-is-layout-flow\"><\/div>\n\n\n\n<div class=\"wp-block-column is-layout-flow wp-block-column-is-layout-flow\"><\/div>\n<\/div>\n\n\n\n<p><strong><mark style=\"background-color:rgba(0, 0, 0, 0)\" class=\"has-inline-color has-vivid-red-color\">Noudata aina ohjeita ja varoaikoja otsonoinnin j\u00e4lkeen! Tarkemmat ohjeet tulee laitteen mukana.<\/mark><\/strong><\/p>\n\n\n\n<div class=\"wp-block-columns is-layout-flex wp-container-core-columns-is-layout-9d6595d7 wp-block-columns-is-layout-flex\">\n<div class=\"wp-block-column is-layout-flow wp-block-column-is-layout-flow\"><\/div>\n\n\n\n<div class=\"wp-block-column is-layout-flow wp-block-column-is-layout-flow\"><\/div>\n<\/div>\n\n\n\n<p><strong><em>Hinnat:<\/em><\/strong><\/p>\n\n\n\n<div style=\"height:10px\" aria-hidden=\"true\" class=\"wp-block-spacer\"><\/div>\n\n\n\n<ul class=\"wp-block-list\">\n<li>1 vuorokausi 25\u20ac<\/li>\n\n\n\n<li>Viikonloppu 40\u20ac<\/li>\n<\/ul>\n\n\n\n<div class=\"wp-block-columns is-layout-flex wp-container-core-columns-is-layout-9d6595d7 wp-block-columns-is-layout-flex\">\n<div class=\"wp-block-column is-layout-flow wp-block-column-is-layout-flow\"><\/div>\n\n\n\n<div class=\"wp-block-column is-layout-flow wp-block-column-is-layout-flow\"><\/div>\n<\/div>\n\n\n\n<div class=\"wp-block-buttons is-layout-flex wp-block-buttons-is-layout-flex\">\n<div class=\"wp-block-button is-style-fill\"><a class=\"wp-block-button__link wp-element-button\" href=\"https:\/\/savonlaitevuokraamo.fi\/?page_id=82\">Vuokraa otsonaattori t\u00e4st\u00e4<\/a><\/div>\n<\/div>\n\n\n\n<hr class=\"wp-block-separator has-alpha-channel-opacity\"\/>\n\n\n\n<figure class=\"wp-block-image size-large is-resized\"><img loading=\"lazy\" decoding=\"async\" width=\"1024\" height=\"683\" src=\"https:\/\/savonlaitevuokraamo.fi\/wp-content\/uploads\/2026\/02\/WhatsApp-Image-2026-02-18-at-16.14.07-1024x683.jpeg\" alt=\"\" class=\"wp-image-178\" style=\"aspect-ratio:2.060401655679902;width:427px;height:auto\" srcset=\"https:\/\/savonlaitevuokraamo.fi\/wp-content\/uploads\/2026\/02\/WhatsApp-Image-2026-02-18-at-16.14.07-1024x683.jpeg 1024w, https:\/\/savonlaitevuokraamo.fi\/wp-content\/uploads\/2026\/02\/WhatsApp-Image-2026-02-18-at-16.14.07-300x200.jpeg 300w, https:\/\/savonlaitevuokraamo.fi\/wp-content\/uploads\/2026\/02\/WhatsApp-Image-2026-02-18-at-16.14.07-768x512.jpeg 768w, https:\/\/savonlaitevuokraamo.fi\/wp-content\/uploads\/2026\/02\/WhatsApp-Image-2026-02-18-at-16.14.07.jpeg 1536w\" sizes=\"auto, (max-width: 1024px) 100vw, 1024px\" \/><\/figure>\n\n\n\n<div class=\"wp-block-columns is-layout-flex wp-container-core-columns-is-layout-9d6595d7 wp-block-columns-is-layout-flex\">\n<div class=\"wp-block-column is-layout-flow wp-block-column-is-layout-flow\"><\/div>\n\n\n\n<div class=\"wp-block-column is-layout-flow wp-block-column-is-layout-flow\"><\/div>\n<\/div>\n\n\n\n<hr class=\"wp-block-separator has-alpha-channel-opacity\"\/>\n\n\n\n<div class=\"wp-block-columns is-layout-flex wp-container-core-columns-is-layout-9d6595d7 wp-block-columns-is-layout-flex\">\n<div class=\"wp-block-column is-layout-flow wp-block-column-is-layout-flow\"><\/div>\n\n\n\n<div class=\"wp-block-column is-layout-flow wp-block-column-is-layout-flow\"><\/div>\n<\/div>\n\n\n\n<figure class=\"wp-block-image size-full is-resized\"><img loading=\"lazy\" decoding=\"async\" width=\"334\" height=\"747\" src=\"https:\/\/savonlaitevuokraamo.fi\/wp-content\/uploads\/2026\/02\/WhatsApp_Image_2026-02-18_at_16.17.25-removebg-preview.png\" alt=\"\" class=\"wp-image-180\" style=\"aspect-ratio:0.7500094507239254;width:194px;height:auto\" srcset=\"https:\/\/savonlaitevuokraamo.fi\/wp-content\/uploads\/2026\/02\/WhatsApp_Image_2026-02-18_at_16.17.25-removebg-preview.png 334w, https:\/\/savonlaitevuokraamo.fi\/wp-content\/uploads\/2026\/02\/WhatsApp_Image_2026-02-18_at_16.17.25-removebg-preview-134x300.png 134w\" sizes=\"auto, (max-width: 334px) 100vw, 334px\" \/><figcaption class=\"wp-element-caption\"><br><strong>TSL 227 Camo Maasto XL<\/strong> <strong><strong>Lumikeng\u00e4t+s\u00e4\u00e4dett\u00e4v\u00e4t sauvat<\/strong><\/strong><br><br>&#8211; Side k\u00e4y 39-57 kokoisille kengille<br>&#8211; Kantavuus: 70-140 kg<br>&#8211; Paino: 2220 g \/ pari<br>&#8211; Black Diamond Traverse s\u00e4\u00e4dett\u00e4v\u00e4t sauvat<\/figcaption><\/figure>\n\n\n\n<p><strong><em>Hinnat:<\/em><\/strong><\/p>\n\n\n\n<div style=\"height:10px\" aria-hidden=\"true\" class=\"wp-block-spacer\"><\/div>\n\n\n\n<ul class=\"wp-block-list\">\n<li>1 vuorokausi 15\u20ac<\/li>\n\n\n\n<li>2 vuorokautta 25\u20ac<\/li>\n\n\n\n<li>3 vuorokautta 35\u20ac<\/li>\n\n\n\n<li>1 viikko 60\u20ac<\/li>\n<\/ul>\n\n\n\n<div class=\"wp-block-columns is-layout-flex wp-container-core-columns-is-layout-9d6595d7 wp-block-columns-is-layout-flex\">\n<div class=\"wp-block-column is-layout-flow wp-block-column-is-layout-flow\"><\/div>\n\n\n\n<div class=\"wp-block-column is-layout-flow wp-block-column-is-layout-flow\"><\/div>\n<\/div>\n\n\n\n<div class=\"wp-block-buttons is-layout-flex wp-block-buttons-is-layout-flex\">\n<div class=\"wp-block-button is-style-fill\"><a class=\"wp-block-button__link wp-element-button\" href=\"https:\/\/savonlaitevuokraamo.fi\/?page_id=82\">Vuokraa lumikeng\u00e4t ja sauvat t\u00e4st\u00e4<\/a><\/div>\n<\/div>\n\n\n\n<div class=\"wp-block-columns is-layout-flex wp-container-core-columns-is-layout-9d6595d7 wp-block-columns-is-layout-flex\">\n<div class=\"wp-block-column is-layout-flow wp-block-column-is-layout-flow\"><\/div>\n\n\n\n<div class=\"wp-block-column is-layout-flow wp-block-column-is-layout-flow\"><\/div>\n<\/div>\n","protected":false},"excerpt":{"rendered":"<p>Hinnat: Hinnat: Hinnat: Hinnat: Hinnat: HUOM! HUOM! HUOM! HUOM! HUOM! HUOM! HUOM! HUOM! HUOM! HUOM! HUOM! HUOM! Sis\u00e4ilman otsonointia ei voi suorittaa jos ihmisi\u00e4 ja el\u00e4imi\u00e4 on paikalla, koska otsonia tuotetaan tilaan aina massiivisesti mikrobi-iti\u00f6iden tuhoamiseksi. Suurella otsonipitoisuudella ja ilman negatiivisen ionisoinnin yhteisvaikutuksella saavutetaan hyv\u00e4 puhdistustulos my\u00f6s huokoisiin materiaaleihin. Sis\u00e4ilman puhdistuksen j\u00e4lkeen otsonoitu tila tuuletetaan, [&hellip;]<\/p>\n","protected":false},"author":1,"featured_media":0,"parent":0,"menu_order":0,"comment_status":"closed","ping_status":"closed","template":"","meta":{"footnotes":""},"class_list":["post-98","page","type-page","status-publish","hentry"],"_links":{"self":[{"href":"https:\/\/savonlaitevuokraamo.fi\/index.php?rest_route=\/wp\/v2\/pages\/98","targetHints":{"allow":["GET"]}}],"collection":[{"href":"https:\/\/savonlaitevuokraamo.fi\/index.php?rest_route=\/wp\/v2\/pages"}],"about":[{"href":"https:\/\/savonlaitevuokraamo.fi\/index.php?rest_route=\/wp\/v2\/types\/page"}],"author":[{"embeddable":true,"href":"https:\/\/savonlaitevuokraamo.fi\/index.php?rest_route=\/wp\/v2\/users\/1"}],"replies":[{"embeddable":true,"href":"https:\/\/savonlaitevuokraamo.fi\/index.php?rest_route=%2Fwp%2Fv2%2Fcomments&post=98"}],"version-history":[{"count":47,"href":"https:\/\/savonlaitevuokraamo.fi\/index.php?rest_route=\/wp\/v2\/pages\/98\/revisions"}],"predecessor-version":[{"id":335,"href":"https:\/\/savonlaitevuokraamo.fi\/index.php?rest_route=\/wp\/v2\/pages\/98\/revisions\/335"}],"wp:attachment":[{"href":"https:\/\/savonlaitevuokraamo.fi\/index.php?rest_route=%2Fwp%2Fv2%2Fmedia&parent=98"}],"curies":[{"name":"wp","href":"https:\/\/api.w.org\/{rel}","templated":true}]}}