{"id":336,"date":"2026-04-01T15:08:19","date_gmt":"2026-04-01T13:08:19","guid":{"rendered":"https:\/\/savonlaitevuokraamo.fi\/?page_id=336"},"modified":"2026-04-01T15:17:03","modified_gmt":"2026-04-01T13:17:03","slug":"muut-palvelut","status":"publish","type":"page","link":"https:\/\/savonlaitevuokraamo.fi\/?page_id=336","title":{"rendered":"Muut palvelut"},"content":{"rendered":"\n<p><strong>Renkaidenvaihdot helposti!<\/strong><\/p>\n\n\n\n<div class=\"wp-block-columns is-layout-flex wp-container-core-columns-is-layout-9d6595d7 wp-block-columns-is-layout-flex\">\n<div class=\"wp-block-column is-layout-flow wp-block-column-is-layout-flow\"><\/div>\n\n\n\n<div class=\"wp-block-column is-layout-flow wp-block-column-is-layout-flow\"><\/div>\n<\/div>\n\n\n\n<p>Tulemme vaihtamaan autosi renkaat kotiisi tai vaikka ty\u00f6paikallesi.<\/p>\n\n\n\n<p>(Siilinj\u00e4rvi-Kuopio) Henkil\u00f6autot, ei s\u00e4hk\u00f6autoja.<\/p>\n\n\n\n<div class=\"wp-block-columns is-layout-flex wp-container-core-columns-is-layout-9d6595d7 wp-block-columns-is-layout-flex\">\n<div class=\"wp-block-column is-layout-flow wp-block-column-is-layout-flow\"><\/div>\n\n\n\n<div class=\"wp-block-column is-layout-flow wp-block-column-is-layout-flow\"><\/div>\n<\/div>\n\n\n\n<p>Hintaan 25\u20ac\/auto, sis alv. Hintaan kuuluu:<\/p>\n\n\n\n<div class=\"wp-block-columns is-layout-flex wp-container-core-columns-is-layout-9d6595d7 wp-block-columns-is-layout-flex\">\n<div class=\"wp-block-column is-layout-flow wp-block-column-is-layout-flow\"><\/div>\n\n\n\n<div class=\"wp-block-column is-layout-flow wp-block-column-is-layout-flow\"><\/div>\n<\/div>\n\n\n\n<p><img loading=\"lazy\" decoding=\"async\" height=\"16\" width=\"16\" alt=\"\ud83d\udede\" src=\"https:\/\/static.xx.fbcdn.net\/images\/emoji.php\/v9\/tcf\/1\/16\/1f6de.png\"> Renkaiden kulutuspinnan mittaus<\/p>\n\n\n\n<p><img loading=\"lazy\" decoding=\"async\" height=\"16\" width=\"16\" alt=\"\ud83d\udede\" src=\"https:\/\/static.xx.fbcdn.net\/images\/emoji.php\/v9\/tcf\/1\/16\/1f6de.png\"> Rengaspaineiden tarkastus\/lis\u00e4ys<\/p>\n\n\n\n<p><img loading=\"lazy\" decoding=\"async\" height=\"16\" width=\"16\" alt=\"\ud83d\udede\" src=\"https:\/\/static.xx.fbcdn.net\/images\/emoji.php\/v9\/tcf\/1\/16\/1f6de.png\"> Renkaiden allevaihto<\/p>\n\n\n\n<p><img loading=\"lazy\" decoding=\"async\" height=\"16\" width=\"16\" alt=\"\ud83d\udede\" src=\"https:\/\/static.xx.fbcdn.net\/images\/emoji.php\/v9\/tcf\/1\/16\/1f6de.png\"> Kiristys oikeaan momenttiin<\/p>\n\n\n\n<div class=\"wp-block-columns is-layout-flex wp-container-core-columns-is-layout-9d6595d7 wp-block-columns-is-layout-flex\">\n<div class=\"wp-block-column is-layout-flow wp-block-column-is-layout-flow\"><\/div>\n\n\n\n<div class=\"wp-block-column is-layout-flow wp-block-column-is-layout-flow\"><\/div>\n<\/div>\n\n\n\n<p>Olen vastuuvakuutettu vahinkojen varalta.<\/p>\n\n\n\n<p><\/p>\n\n\n\n<div class=\"wp-block-columns is-layout-flex wp-container-core-columns-is-layout-9d6595d7 wp-block-columns-is-layout-flex\">\n<div class=\"wp-block-column is-layout-flow wp-block-column-is-layout-flow\"><\/div>\n\n\n\n<div class=\"wp-block-column is-layout-flow wp-block-column-is-layout-flow\"><\/div>\n<\/div>\n\n\n\n<div class=\"wp-block-buttons is-layout-flex wp-block-buttons-is-layout-flex\">\n<div class=\"wp-block-button is-style-fill\"><a class=\"wp-block-button__link wp-element-button\" href=\"https:\/\/savonlaitevuokraamo.fi\/?page_id=82\">Varaa aika renkaidenvaihtoon t\u00e4st\u00e4<\/a><\/div>\n<\/div>\n\n\n\n<div class=\"wp-block-columns is-layout-flex wp-container-core-columns-is-layout-9d6595d7 wp-block-columns-is-layout-flex\">\n<div class=\"wp-block-column is-layout-flow wp-block-column-is-layout-flow\"><\/div>\n\n\n\n<div class=\"wp-block-column is-layout-flow wp-block-column-is-layout-flow\"><\/div>\n<\/div>\n","protected":false},"excerpt":{"rendered":"<p>Renkaidenvaihdot helposti! Tulemme vaihtamaan autosi renkaat kotiisi tai vaikka ty\u00f6paikallesi. (Siilinj\u00e4rvi-Kuopio) Henkil\u00f6autot, ei s\u00e4hk\u00f6autoja. Hintaan 25\u20ac\/auto, sis alv. Hintaan kuuluu: Renkaiden kulutuspinnan mittaus Rengaspaineiden tarkastus\/lis\u00e4ys Renkaiden allevaihto Kiristys oikeaan momenttiin Olen vastuuvakuutettu vahinkojen varalta.<\/p>\n","protected":false},"author":1,"featured_media":0,"parent":0,"menu_order":0,"comment_status":"closed","ping_status":"closed","template":"","meta":{"footnotes":""},"class_list":["post-336","page","type-page","status-publish","hentry"],"_links":{"self":[{"href":"https:\/\/savonlaitevuokraamo.fi\/index.php?rest_route=\/wp\/v2\/pages\/336","targetHints":{"allow":["GET"]}}],"collection":[{"href":"https:\/\/savonlaitevuokraamo.fi\/index.php?rest_route=\/wp\/v2\/pages"}],"about":[{"href":"https:\/\/savonlaitevuokraamo.fi\/index.php?rest_route=\/wp\/v2\/types\/page"}],"author":[{"embeddable":true,"href":"https:\/\/savonlaitevuokraamo.fi\/index.php?rest_route=\/wp\/v2\/users\/1"}],"replies":[{"embeddable":true,"href":"https:\/\/savonlaitevuokraamo.fi\/index.php?rest_route=%2Fwp%2Fv2%2Fcomments&post=336"}],"version-history":[{"count":10,"href":"https:\/\/savonlaitevuokraamo.fi\/index.php?rest_route=\/wp\/v2\/pages\/336\/revisions"}],"predecessor-version":[{"id":349,"href":"https:\/\/savonlaitevuokraamo.fi\/index.php?rest_route=\/wp\/v2\/pages\/336\/revisions\/349"}],"wp:attachment":[{"href":"https:\/\/savonlaitevuokraamo.fi\/index.php?rest_route=%2Fwp%2Fv2%2Fmedia&parent=336"}],"curies":[{"name":"wp","href":"https:\/\/api.w.org\/{rel}","templated":true}]}}